{"id":126,"date":"2018-08-16T08:39:59","date_gmt":"2018-08-16T08:39:59","guid":{"rendered":"https:\/\/madoliver.com\/?page_id=126"},"modified":"2018-08-16T08:42:45","modified_gmt":"2018-08-16T08:42:45","slug":"about-me","status":"publish","type":"page","link":"https:\/\/madoliver.com\/en\/about-me\/","title":{"rendered":"About me"},"content":{"rendered":"<h1>About me<\/h1>\n<p>by madoliver\u00ae<\/p>\n<p>\t\t\t\t<img loading=\"lazy\" decoding=\"async\" src=\"https:\/\/madoliver.com\/wp-content\/uploads\/2018\/08\/madoliver-Ayahuasca-Resort-Shipibo-peru-00024.jpg\" alt=\"madoliver-Ayahuasca-Resort-Shipibo-peru-00024\" itemprop=\"image\" height=\"1600\" width=\"900\" title=\"madoliver-Ayahuasca-Resort-Shipibo-peru-00024\"  \/><\/p>\n<p>Ich komme aus\u00a0<strong>Tirol (Austria)<\/strong>\u00a0und war jahrelang in der Kosmetikproduktion selbstst\u00e4ndig t\u00e4tig.Im Jahr 2014 f\u00fchrte mich das verlangen an\u00a0<strong>Ayahuasca\u00a0Zeremonien<\/strong>\u00a0teilzunehmen nach\u00a0<strong>Peru<\/strong>. Auf Empfehlung von\u00a0<strong>Christian R\u00e4tsch<\/strong>\u00a0bin ich nach\u00a0<strong>Yarinacocha<\/strong>\u00a0zu den\u00a0<strong>Shipibo\u00a0Indianern<\/strong>.<\/p>\n<p>In\u00a0<strong>La Perla<\/strong>\u00a0habe ich meine ersten\u00a0<strong>Ayahuasca Erfahrungen<\/strong>\u00a0gemacht. Es sollten noch sehr viele Zeremonien folgen, diese sollten mein Leben ver\u00e4ndern. Zwischenzeitlich habe ich meinen Betrieb geschlossen und lebe gr\u00f6\u00dftenteils\u00a0in\u00a0<strong>La Perla<\/strong>.<\/p>\n<p>\t<meta itemprop=\"url\" content=\"https:\/\/madoliver.com\/wp-content\/uploads\/2018\/08\/Juan-Carlos-Taminchi-La-Perla-Yarinacocha-Pucallpa-Ucayali-Pe\u0301rou.mp4\" \/><meta itemprop=\"thumbnail\" content=\"\" \/><div style=\"width: 100px;\" class=\"wp-video\"><!--[if lt IE 9]><script>document.createElement('video');<\/script><![endif]-->\n<video class=\"wp-video-shortcode\" id=\"video-126-1\" width=\"100\" height=\"100\" preload=\"none\" controls=\"controls\"><source type=\"video\/mp4\" src=\"https:\/\/madoliver.com\/wp-content\/uploads\/2018\/08\/Juan-Carlos-Taminchi-La-Perla-Yarinacocha-Pucallpa-Ucayali-Pe\u0301rou.mp4?_=1\" \/><a href=\"https:\/\/madoliver.com\/wp-content\/uploads\/2018\/08\/Juan-Carlos-Taminchi-La-Perla-Yarinacocha-Pucallpa-Ucayali-Pe\u0301rou.mp4\">https:\/\/madoliver.com\/wp-content\/uploads\/2018\/08\/Juan-Carlos-Taminchi-La-Perla-Yarinacocha-Pucallpa-Ucayali-Pe\u0301rou.mp4<\/a><\/video><\/div><\/p>\n","protected":false},"excerpt":{"rendered":"<p>About me by madoliver\u00ae Ich komme aus\u00a0Tirol (Austria)\u00a0und war jahrelang in der Kosmetikproduktion selbstst\u00e4ndig t\u00e4tig.Im Jahr 2014 f\u00fchrte mich das verlangen an\u00a0Ayahuasca\u00a0Zeremonien\u00a0teilzunehmen nach\u00a0Peru. Auf Empfehlung von\u00a0Christian R\u00e4tsch\u00a0bin ich nach\u00a0Yarinacocha\u00a0zu den\u00a0Shipibo\u00a0Indianern. In\u00a0La Perla\u00a0habe ich meine ersten\u00a0Ayahuasca Erfahrungen\u00a0gemacht. Es sollten noch sehr viele Zeremonien folgen, diese sollten mein Leben ver\u00e4ndern. Zwischenzeitlich habe ich meinen Betrieb geschlossen und&hellip;<\/p>\n","protected":false},"author":2,"featured_media":0,"parent":0,"menu_order":0,"comment_status":"closed","ping_status":"closed","template":"","meta":{"footnotes":""},"class_list":["post-126","page","type-page","status-publish","hentry"],"yoast_head":"<!-- This site is optimized with the Yoast SEO plugin v25.8 - https:\/\/yoast.com\/wordpress\/plugins\/seo\/ -->\n<title>About me - Ayahuasca Resort Shipibo Peru<\/title>\n<meta name=\"robots\" content=\"index, follow, max-snippet:-1, max-image-preview:large, max-video-preview:-1\" \/>\n<link rel=\"canonical\" href=\"https:\/\/madoliver.com\/en\/about-me\/\" \/>\n<meta property=\"og:locale\" content=\"en_US\" \/>\n<meta property=\"og:type\" content=\"article\" \/>\n<meta property=\"og:title\" content=\"About me - Ayahuasca Resort Shipibo Peru\" \/>\n<meta property=\"og:description\" content=\"About me by madoliver\u00ae Ich komme aus\u00a0Tirol (Austria)\u00a0und war jahrelang in der Kosmetikproduktion selbstst\u00e4ndig t\u00e4tig.Im Jahr 2014 f\u00fchrte mich das verlangen an\u00a0Ayahuasca\u00a0Zeremonien\u00a0teilzunehmen nach\u00a0Peru. Auf Empfehlung von\u00a0Christian R\u00e4tsch\u00a0bin ich nach\u00a0Yarinacocha\u00a0zu den\u00a0Shipibo\u00a0Indianern. In\u00a0La Perla\u00a0habe ich meine ersten\u00a0Ayahuasca Erfahrungen\u00a0gemacht. Es sollten noch sehr viele Zeremonien folgen, diese sollten mein Leben ver\u00e4ndern. Zwischenzeitlich habe ich meinen Betrieb geschlossen und&hellip;\" \/>\n<meta property=\"og:url\" content=\"https:\/\/madoliver.com\/en\/about-me\/\" \/>\n<meta property=\"og:site_name\" content=\"Ayahuasca Resort Shipibo Peru\" \/>\n<meta property=\"article:modified_time\" content=\"2018-08-16T08:42:45+00:00\" \/>\n<meta property=\"og:image\" content=\"https:\/\/madoliver.com\/wp-content\/uploads\/2018\/08\/madoliver-Ayahuasca-Resort-Shipibo-peru-00024.jpg\" \/>\n<meta name=\"twitter:card\" content=\"summary_large_image\" \/>\n<script type=\"application\/ld+json\" class=\"yoast-schema-graph\">{\"@context\":\"https:\/\/schema.org\",\"@graph\":[{\"@type\":\"WebPage\",\"@id\":\"https:\/\/madoliver.com\/en\/about-me\/\",\"url\":\"https:\/\/madoliver.com\/en\/about-me\/\",\"name\":\"About me - Ayahuasca Resort Shipibo Peru\",\"isPartOf\":{\"@id\":\"https:\/\/madoliver.com\/#website\"},\"primaryImageOfPage\":{\"@id\":\"https:\/\/madoliver.com\/en\/about-me\/#primaryimage\"},\"image\":{\"@id\":\"https:\/\/madoliver.com\/en\/about-me\/#primaryimage\"},\"thumbnailUrl\":\"https:\/\/madoliver.com\/wp-content\/uploads\/2018\/08\/madoliver-Ayahuasca-Resort-Shipibo-peru-00024.jpg\",\"datePublished\":\"2018-08-16T08:39:59+00:00\",\"dateModified\":\"2018-08-16T08:42:45+00:00\",\"breadcrumb\":{\"@id\":\"https:\/\/madoliver.com\/en\/about-me\/#breadcrumb\"},\"inLanguage\":\"en-US\",\"potentialAction\":[{\"@type\":\"ReadAction\",\"target\":[\"https:\/\/madoliver.com\/en\/about-me\/\"]}]},{\"@type\":\"ImageObject\",\"inLanguage\":\"en-US\",\"@id\":\"https:\/\/madoliver.com\/en\/about-me\/#primaryimage\",\"url\":\"https:\/\/madoliver.com\/wp-content\/uploads\/2018\/08\/madoliver-Ayahuasca-Resort-Shipibo-peru-00024.jpg\",\"contentUrl\":\"https:\/\/madoliver.com\/wp-content\/uploads\/2018\/08\/madoliver-Ayahuasca-Resort-Shipibo-peru-00024.jpg\"},{\"@type\":\"BreadcrumbList\",\"@id\":\"https:\/\/madoliver.com\/en\/about-me\/#breadcrumb\",\"itemListElement\":[{\"@type\":\"ListItem\",\"position\":1,\"name\":\"Home\",\"item\":\"https:\/\/madoliver.com\/en\/\"},{\"@type\":\"ListItem\",\"position\":2,\"name\":\"About me\"}]},{\"@type\":\"WebSite\",\"@id\":\"https:\/\/madoliver.com\/#website\",\"url\":\"https:\/\/madoliver.com\/\",\"name\":\"Ayahuasca Resort Shipibo Peru\",\"description\":\"by madoliver\u00ae\",\"potentialAction\":[{\"@type\":\"SearchAction\",\"target\":{\"@type\":\"EntryPoint\",\"urlTemplate\":\"https:\/\/madoliver.com\/?s={search_term_string}\"},\"query-input\":{\"@type\":\"PropertyValueSpecification\",\"valueRequired\":true,\"valueName\":\"search_term_string\"}}],\"inLanguage\":\"en-US\"}]}<\/script>\n<!-- \/ Yoast SEO plugin. -->","yoast_head_json":{"title":"About me - Ayahuasca Resort Shipibo Peru","robots":{"index":"index","follow":"follow","max-snippet":"max-snippet:-1","max-image-preview":"max-image-preview:large","max-video-preview":"max-video-preview:-1"},"canonical":"https:\/\/madoliver.com\/en\/about-me\/","og_locale":"en_US","og_type":"article","og_title":"About me - Ayahuasca Resort Shipibo Peru","og_description":"About me by madoliver\u00ae Ich komme aus\u00a0Tirol (Austria)\u00a0und war jahrelang in der Kosmetikproduktion selbstst\u00e4ndig t\u00e4tig.Im Jahr 2014 f\u00fchrte mich das verlangen an\u00a0Ayahuasca\u00a0Zeremonien\u00a0teilzunehmen nach\u00a0Peru. Auf Empfehlung von\u00a0Christian R\u00e4tsch\u00a0bin ich nach\u00a0Yarinacocha\u00a0zu den\u00a0Shipibo\u00a0Indianern. In\u00a0La Perla\u00a0habe ich meine ersten\u00a0Ayahuasca Erfahrungen\u00a0gemacht. Es sollten noch sehr viele Zeremonien folgen, diese sollten mein Leben ver\u00e4ndern. Zwischenzeitlich habe ich meinen Betrieb geschlossen und&hellip;","og_url":"https:\/\/madoliver.com\/en\/about-me\/","og_site_name":"Ayahuasca Resort Shipibo Peru","article_modified_time":"2018-08-16T08:42:45+00:00","og_image":[{"url":"https:\/\/madoliver.com\/wp-content\/uploads\/2018\/08\/madoliver-Ayahuasca-Resort-Shipibo-peru-00024.jpg","type":"","width":"","height":""}],"twitter_card":"summary_large_image","schema":{"@context":"https:\/\/schema.org","@graph":[{"@type":"WebPage","@id":"https:\/\/madoliver.com\/en\/about-me\/","url":"https:\/\/madoliver.com\/en\/about-me\/","name":"About me - Ayahuasca Resort Shipibo Peru","isPartOf":{"@id":"https:\/\/madoliver.com\/#website"},"primaryImageOfPage":{"@id":"https:\/\/madoliver.com\/en\/about-me\/#primaryimage"},"image":{"@id":"https:\/\/madoliver.com\/en\/about-me\/#primaryimage"},"thumbnailUrl":"https:\/\/madoliver.com\/wp-content\/uploads\/2018\/08\/madoliver-Ayahuasca-Resort-Shipibo-peru-00024.jpg","datePublished":"2018-08-16T08:39:59+00:00","dateModified":"2018-08-16T08:42:45+00:00","breadcrumb":{"@id":"https:\/\/madoliver.com\/en\/about-me\/#breadcrumb"},"inLanguage":"en-US","potentialAction":[{"@type":"ReadAction","target":["https:\/\/madoliver.com\/en\/about-me\/"]}]},{"@type":"ImageObject","inLanguage":"en-US","@id":"https:\/\/madoliver.com\/en\/about-me\/#primaryimage","url":"https:\/\/madoliver.com\/wp-content\/uploads\/2018\/08\/madoliver-Ayahuasca-Resort-Shipibo-peru-00024.jpg","contentUrl":"https:\/\/madoliver.com\/wp-content\/uploads\/2018\/08\/madoliver-Ayahuasca-Resort-Shipibo-peru-00024.jpg"},{"@type":"BreadcrumbList","@id":"https:\/\/madoliver.com\/en\/about-me\/#breadcrumb","itemListElement":[{"@type":"ListItem","position":1,"name":"Home","item":"https:\/\/madoliver.com\/en\/"},{"@type":"ListItem","position":2,"name":"About me"}]},{"@type":"WebSite","@id":"https:\/\/madoliver.com\/#website","url":"https:\/\/madoliver.com\/","name":"Ayahuasca Resort Shipibo Peru","description":"by madoliver\u00ae","potentialAction":[{"@type":"SearchAction","target":{"@type":"EntryPoint","urlTemplate":"https:\/\/madoliver.com\/?s={search_term_string}"},"query-input":{"@type":"PropertyValueSpecification","valueRequired":true,"valueName":"search_term_string"}}],"inLanguage":"en-US"}]}},"_links":{"self":[{"href":"https:\/\/madoliver.com\/en\/wp-json\/wp\/v2\/pages\/126","targetHints":{"allow":["GET"]}}],"collection":[{"href":"https:\/\/madoliver.com\/en\/wp-json\/wp\/v2\/pages"}],"about":[{"href":"https:\/\/madoliver.com\/en\/wp-json\/wp\/v2\/types\/page"}],"author":[{"embeddable":true,"href":"https:\/\/madoliver.com\/en\/wp-json\/wp\/v2\/users\/2"}],"replies":[{"embeddable":true,"href":"https:\/\/madoliver.com\/en\/wp-json\/wp\/v2\/comments?post=126"}],"version-history":[{"count":2,"href":"https:\/\/madoliver.com\/en\/wp-json\/wp\/v2\/pages\/126\/revisions"}],"predecessor-version":[{"id":128,"href":"https:\/\/madoliver.com\/en\/wp-json\/wp\/v2\/pages\/126\/revisions\/128"}],"wp:attachment":[{"href":"https:\/\/madoliver.com\/en\/wp-json\/wp\/v2\/media?parent=126"}],"curies":[{"name":"wp","href":"https:\/\/api.w.org\/{rel}","templated":true}]}}